{"id":1386,"date":"2024-10-07T17:57:00","date_gmt":"2024-10-07T15:57:00","guid":{"rendered":"http:\/\/localhost:8888\/fluessenza\/prodotto\/couples-guidance\/"},"modified":"2026-04-21T14:10:08","modified_gmt":"2026-04-21T12:10:08","slug":"seminario-incontra-il-tuo-angelo","status":"publish","type":"product","link":"https:\/\/www.soniabassi.it\/?product=seminario-incontra-il-tuo-angelo","title":{"rendered":"&#8220;Incontra il tuo Angelo&#8221; <br>seminario dal vivo"},"content":{"rendered":"<h3>Seminario introduttivo all&#8217;arte della Comunicazione sottile &#8211; Livello 1<\/h3>\n<p><span class=\"html-span xexx8yu x4uap5 x18d9i69 xkhd6sd x1hl2dhg x16tdsg8 x1vvkbs x3nfvp2 x1j61x8r x1fcty0u xdj266r xat24cr xgzva0m xhhsvwb xxymvpz xlup9mm x1kky2od\"><img loading=\"lazy\" decoding=\"async\" class=\"xz74otr\" src=\"https:\/\/static.xx.fbcdn.net\/images\/emoji.php\/v9\/t36\/2\/16\/1fa75.png\" alt=\"\ud83e\ude75\" width=\"16\" height=\"16\" \/><\/span> Il seminario \u201c\ud835\udc70\ud835\udc8f\ud835\udc84\ud835\udc90\ud835\udc8f\ud835\udc95\ud835\udc93\ud835\udc82 \ud835\udc8a\ud835\udc8d \ud835\udc95\ud835\udc96\ud835\udc90 \ud835\udc68\ud835\udc8f\ud835\udc88\ud835\udc86\ud835\udc8d\ud835\udc90\u201d \u00e8 un\u2019esperienza unica, che ti permetter\u00e0 di fare i primi passi per esplorare le dimensioni sottili e ampliare la tua consapevolezza del contatto con le tue guide.<\/p>\n<div dir=\"auto\">\n<div class=\"xdj266r x11i5rnm xat24cr x1mh8g0r x1vvkbs x126k92a\">\n<div dir=\"auto\">\u2800\u2800\u2800\u2800\u2800\u2800\u2800\u2800\u2800<\/div>\n<div dir=\"auto\" style=\"text-align: center;\"><span style=\"color: #5184af;\"><strong>&gt;&gt;&gt;&gt;&gt; domenica 17 maggio 2026<\/strong><\/span><\/div>\n<div dir=\"auto\" style=\"text-align: center;\"><span style=\"color: #5184af;\"><strong>&gt;&gt;&gt;&gt;&gt; presso Ex Convento dell&#8217;Osservanza, via Masironi n\u00b0 3 &#8211; Brisighella (RAVENNA) <\/strong><\/span><\/div>\n<div dir=\"auto\" style=\"text-align: center;\"><em>un luogo pieno di quiete, misticismo e bellezza, <\/em><\/div>\n<div dir=\"auto\" style=\"text-align: center;\"><em>le energie giuste per supportare al meglio il lavoro che faremo insieme<\/em><\/div>\n<div dir=\"auto\"><\/div>\n<\/div>\n<div dir=\"auto\" style=\"text-align: center;\"><\/div>\n<\/div>\n<h4><\/h4>\n<h4><span style=\"color: #000000;\">COSA IMPARERAI<\/span><\/h4>\n<h3>Impara a comunicare con le tua Guide angeliche<\/h3>\n<blockquote><p>Comunicare con gli angeli \u00e8 molto pi\u00f9 semplice di quel che credi! Anzi, lo fai gi\u00e0 senza sapere di farlo!<\/p><\/blockquote>\n<p>Il contatto con le entit\u00e0 angeliche \u00e8 sempre presente dalla nostra nascita fino al nostro ultimo giorno di vita, anzi, ci accompagnano addirittura da prima di nascere, organizzano con noi il progetto di vita e ci accolgono quando varchiamo la soglia dell\u2019aldil\u00e0\u2026<\/p>\n<blockquote><p>Si dice che i bimbi appena nati quando sorridono \u00e9 perch\u00e9 sorridono agli<br \/>\nAngeli\u2026<\/p><\/blockquote>\n<h4><span style=\"color: #000000;\">NON SOLO TEORIA, TANTA PRATICA!<\/span><\/h4>\n<h3>Sviluppa i tuoi doni spirituali attraverso pratiche consolidate<\/h3>\n<p>Perdersi \u00e8 facile quando si percorrono sentieri mai esplorati\u2026 e non ci si pu\u00f2 improvvisare capaci di contattare l\u2019Oltre, anche se possiedi dei doni dall\u2019infanzia\u2026 lo so per esperienza!<br \/>\nEcco perch\u00e9 ti serve l\u2019aiuto di una guida esperta che conosce gi\u00e0 questo sentiero\u2026<\/p>\n<p>Ti sveler\u00f2 tutti gli esercizi, le tecniche e tutti quei segreti che avrei voluto conoscere quando ho cominciato\u2026<\/p>\n<p>&nbsp;<\/p>\n<p style=\"text-align: center;\"><strong>\u201cOgni momento della nostra vita siamo in compagnia di creature appartenenti ad un mondo non visibile agli occhi\u2026<\/strong><br \/>\n<strong>ci proteggono e ci aiutano a diventare consapevoli.<\/strong><br \/>\n<strong>Sono sussurratori di messaggi, stimolano pensieri nuovi.<\/strong><br \/>\n<strong>Ci accompagnano nel percorso di crescita personale e spirituale.<\/strong><br \/>\n<strong>Sono Angeli, Guide\u2026 a me piace chiamarli i nostri<\/strong><br \/>\n<strong>Life Coach angelici<\/strong><br \/>\n<strong>con loro puoi instaurare un dialogo intimo e incredibilmente prezioso.<\/strong><br \/>\n<strong>Se non sai come si fa,<\/strong><br \/>\n<strong>posso insegnarti a comunicare con i tuoi Angeli\u201d<\/strong><\/p>\n<p>&nbsp;<\/p>\n<h3>COSA FAREMO<\/h3>\n<p>-Parleremo degli Angeli guida-custodi e della loro funzione nella nostra vita<br \/>\n&#8211; Scopriremo come poter comprendere la loro presenza<br \/>\n&#8211; Impareremo ad innalzare le nostre frequenze<br \/>\n&#8211; Faremo esercizi e meditazioni anche in movimento<br \/>\n&#8211; Cominceremo a tenere un Diario Angelico<br \/>\n&#8211; ma soprattutto impareremo ad Osservare e Ascoltare la nostra Anima: \u00e8 lei che ci permette di avere un dialogo coi mondi sottili<\/p>\n<h3>4 RAGIONI IN PIU&#8217; PER PARTECIPARE<\/h3>\n<h4 style=\"padding-left: 40px;\"><span style=\"color: #000000;\">1) IMPARERAI TANTISSIME COSE NUOVE<\/span><\/h4>\n<p style=\"padding-left: 40px;\"><span style=\"color: #5184af;\"><b>Faremo attivit\u00e0 di gruppo coinvolgenti<\/b><\/span><br \/>\nAttraverso esercizi statici e in movimento ampiamente testati e supportati dalla meravigliosa energia del gruppo, ti accorgerai di quanto \u00e8 pi\u00f9 semplice raggiungere risultati che da solo ti sembrano impensabili<\/p>\n<h4 style=\"padding-left: 40px;\"><span style=\"color: #000000;\">2) UN\u2019OCCASIONE PER CONNETTERSI DA CUORE A CUORE<\/span><\/h4>\n<p style=\"padding-left: 40px;\"><span style=\"color: #5184af;\"><b>Conoscerai persone con la tua stessa passione per la spiritualit\u00e0<\/b><\/span><br \/>\nTi sei mai chiesto \u201cCome posso incontrare persone che vibrano alla mia stessa frequenza?\u201d I nostri seminari si svolgono in piccoli gruppi in cui \u00e8 facile stabilire connessioni autentiche e profonde<\/p>\n<h4 style=\"padding-left: 40px;\"><span style=\"color: #000000;\">3) <\/span><span style=\"color: #000000;\">SAR<\/span>\u00c0 <span style=\"color: #000000;\">UN\u2019ESPERIENZA STRAORDINARIA<\/span><\/h4>\n<p style=\"padding-left: 40px;\"><span style=\"color: #5184af;\"><b>Esploreremo insieme gli aspetti pi\u00f9 misteriosi e magici della vita <\/b><\/span><br \/>\nE se completi l\u2019intero percorso, partecipando anche al seminario di secondo livello, riceverai l\u2019<strong>attestato di partecipazione<\/strong>, un ricordo incancellabile del tuo impegno per riconnetterti al tuo S\u00e8 Spirituale! \ud83d\ude0d<\/p>\n<h4 style=\"padding-left: 40px;\"><span style=\"color: #000000;\">4) NON SARAI MAI SOLO<\/span><\/h4>\n<p style=\"padding-left: 40px;\"><span style=\"color: #5184af;\"><b>Sar\u00f2 con te ad ogni passo per guidarti<\/b><\/span><br \/>\nNel cercare il mio dialogo con l\u2019invisibile, ho fatto tutto da sola e ho commesso molti errori, perch\u00e9 non conoscevo la strada da seguire, le tecniche da usare, gli esercizi da fare\u2026 \u00e8 stata dura! <b>Posso assicurarti che il tuo viaggio sar\u00e0 sicuro e meraviglioso, perch\u00e9 ti accompagner\u00f2 ad ogni passo del cammino.<\/b><\/p>\n<h3>CHI HA PARTECIPATO DICE<\/h3>\n<h3 style=\"text-align: center;\"><span style=\"color: #000000;\">\u201cSono tornata a casa carica e con pi\u00f9 consapevolezza\u201d<\/span><br \/>\n<span style=\"color: #000000;\">\u201cE\u2019 cambiato il mio modo di vedere le cose\u201d<\/span><br \/>\n<span style=\"color: #000000;\">\u201cRiesco a capire\u2026\u201d<\/span><br \/>\n<span style=\"color: #000000;\">\u201cSono tornata ad ascoltarmi\u201d<\/span><br \/>\n<span style=\"color: #000000;\">\u201cHo smesso di rimproverarmi\u2026\u201d<\/span><br \/>\n<span style=\"color: #000000;\">\u201cSto imparando a conoscermi sempre di pi\u00f9\u201d<\/span><br \/>\n<span style=\"color: #000000;\">\u201cHo pi\u00f9 serenit\u00e0\u201d<\/span><br \/>\n<span style=\"color: #000000;\">\u201cRicevo risposte chiare\u201d<\/span><br \/>\n<span style=\"color: #000000;\">\u201cHo preso decisioni importanti\u201d<\/span><br \/>\n<span style=\"color: #000000;\">\u201cSono pi\u00f9 fiduciosa\u2026\u201d<\/span><\/h3>\n<h1><\/h1>\n<h3 style=\"text-align: center;\">E se anche Tu potessi sperimentare tutto quello che hanno gi\u00e0 provato queste Anime luminose come te?<\/h3>\n<p>&nbsp;<\/p>\n<h3>SCOPRI SE QUESTA ESPERIENZA UNICA \u00e8 ADATTA A TE<\/h3>\n<h3>Fa per te se\u2026<\/h3>\n<p style=\"padding-left: 40px;\">&#8211; Hai sempre pensato che ci deve essere qualcosa al di l\u00e0 della realt\u00e0 che percepiamo con i 5 sensi<br \/>\n&#8211; Credi che nulla accada per caso<br \/>\n&#8211; Desideri esplorare i tuoi talenti intuitivi<br \/>\n&#8211; Sei pronto a imparare cose nuove<br \/>\n&#8211; Ami i percorsi di crescita personale<\/p>\n<h3>Non fa per te se\u2026<\/h3>\n<p style=\"padding-left: 40px;\">&#8211; Pensi che basti solo un seminario per parlare istantaneamente con gli esseri invisibili<br \/>\n&#8211; Cerchi risposte facili e veloci<br \/>\n&#8211; Non hai tempo da dedicare a te stesso<br \/>\n&#8211; Non credi nella ricerca spirituale e non ti interessa evolvere<\/p>\n<blockquote>\n<p style=\"text-align: center;\"><strong>\u201cNiente accade per caso\u2026<\/strong><br \/>\n<strong>se oggi sei qui, forse questo \u00e8 proprio<\/strong><br \/>\n<strong>*** il segnale che avevi chiesto all\u2019Universo! ***<\/strong><br \/>\n<strong>questo seminario pu\u00f2 essere<\/strong><br \/>\n<strong>il prossimo passo verso una versione di te pi\u00f9 realizzata!\u201d<\/strong><\/p>\n<\/blockquote>\n<h3>INFO IMPORTANTI<\/h3>\n<p>Il seminario si svolger\u00e0 (posto il raggiungimento del <strong>numero minimo di 4 partecipanti<\/strong>)<\/p>\n<ul>\n<li dir=\"auto\">Domenica <strong>17\u00a0maggio 2026<\/strong>, presso l&#8217;Ex convento dell&#8217;Osservanza &#8211; via Masironi, 3 &#8211; Brisighella (Ravenna)<\/li>\n<\/ul>\n<hr \/>\n<p>ha una durata totale di circa 9 ore (dalle 9 alle 18)<\/p>\n<hr \/>\n<p>\u00e8 prevista la pausa pranzo e dei coffee break<\/p>\n<hr \/>\n<p>N.B. Il seminario va frequentato per intero allo scopo di raggiungere gli obiettivi del<br \/>\npercorso. Non \u00e8 quindi possibile iscriversi solo ad una parte.<\/p>\n<hr \/>\n<p>Le iscrizioni sono a numero chiuso: max 12 partecipanti<\/p>\n<hr \/>\n<p>La quota \u00e8 di 90 euro a persona<\/p>\n<hr \/>\n<p>Si richiede:<\/p>\n<p style=\"padding-left: 40px;\">\u2013 Puntualit\u00e0<br \/>\n\u2013 Abbigliamento comodo<br \/>\n\u2013 Un foulard o sciarpa in tessuto leggera<br \/>\n\u2013 Carta e penna per appunti e matite colorate<\/p>\n<hr \/>\n<h2><\/h2>\n<h3>FAQ &#8211; DOMANDE FREQUENTI<\/h3>\n<p>FORSE TI STAI CHIEDENDO&#8230;<\/p>\n<ul>\n<li>Chiunque pu\u00f2 comunicare con il suo Angelo?<\/li>\n<li>E\u2019 sicuro cercare di comunicare con i mondi invisibili?<\/li>\n<li>Che esperienza ha l\u2019insegnante?<\/li>\n<li>Ci sono dei pre-requisitii per partecipare?<\/li>\n<li>Come si svolger\u00e0 il seminario?<\/li>\n<li>E\u2019 previsto un certificato a fine corso?<\/li>\n<li>Posso dirlo anche ad altri?<\/li>\n<li>Chi posso contattare se ho altre domande?<\/li>\n<\/ul>\n<p><a href=\"\/?page_id=2656\">Visita la nostra pagina delle FAQ<\/a> e, se hai bisogno di ulteriori informazioni, <a href=\"https:\/\/wa.me\/393392365375?text=Ciao%20Sonia!%20Vorrei%20info%20per%20il%20workshop%20Incontra%20il%20tuo%20Angelo\" target=\"_blank\" rel=\"noopener\">CONTATTAMI SU WHATSAPP!<\/a> <span class=\"html-span xexx8yu x4uap5 x18d9i69 xkhd6sd x1hl2dhg x16tdsg8 x1vvkbs x3nfvp2 x1j61x8r x1fcty0u xdj266r xat24cr xgzva0m xhhsvwb xxymvpz xlup9mm x1kky2od\"><img loading=\"lazy\" decoding=\"async\" class=\"xz74otr\" src=\"https:\/\/static.xx.fbcdn.net\/images\/emoji.php\/v9\/t36\/2\/16\/1fa75.png\" alt=\"\ud83e\ude75\" width=\"16\" height=\"16\" \/><\/span><\/p>\n","protected":false},"excerpt":{"rendered":"<div style=\"color: #5184af;\"><strong>Riscopri il dialogo con il mondo sottile e lasciati guidare dalla tua voce interiore<\/strong><\/div>\n<div dir=\"auto\" style=\"text-align: left;\">\n<div dir=\"auto\">&gt;&gt;&gt; domenica 17 maggio 2026<\/div>\n<div dir=\"auto\">&gt;&gt;&gt; presso Ex Convento dell&#8217;Osservanza, via Masironi n\u00b0 3 &#8211; Brisighella (RAVENNA)<\/div>\n<\/div>\n","protected":false},"featured_media":6292,"template":"","meta":{"_uag_custom_page_level_css":"","site-sidebar-layout":"no-sidebar","site-content-layout":"plain-container","ast-site-content-layout":"normal-width-container","site-content-style":"boxed","site-sidebar-style":"unboxed","ast-global-header-display":"","ast-banner-title-visibility":"","ast-main-header-display":"","ast-hfb-above-header-display":"","ast-hfb-below-header-display":"","ast-hfb-mobile-header-display":"","site-post-title":"","ast-breadcrumbs-content":"","ast-featured-img":"","footer-sml-layout":"","ast-disable-related-posts":"","theme-transparent-header-meta":"default","adv-header-id-meta":"","stick-header-meta":"","header-above-stick-meta":"","header-main-stick-meta":"","header-below-stick-meta":"","astra-migrate-meta-layouts":"set","ast-page-background-enabled":"default","ast-page-background-meta":{"desktop":{"background-color":"","background-image":"","background-repeat":"repeat","background-position":"center center","background-size":"auto","background-attachment":"scroll","background-type":"","background-media":"","overlay-type":"","overlay-color":"","overlay-opacity":"","overlay-gradient":""},"tablet":{"background-color":"","background-image":"","background-repeat":"repeat","background-position":"center center","background-size":"auto","background-attachment":"scroll","background-type":"","background-media":"","overlay-type":"","overlay-color":"","overlay-opacity":"","overlay-gradient":""},"mobile":{"background-color":"","background-image":"","background-repeat":"repeat","background-position":"center center","background-size":"auto","background-attachment":"scroll","background-type":"","background-media":"","overlay-type":"","overlay-color":"","overlay-opacity":"","overlay-gradient":""}},"ast-content-background-meta":{"desktop":{"background-color":"var(--ast-global-color-5)","background-image":"","background-repeat":"repeat","background-position":"center center","background-size":"auto","background-attachment":"scroll","background-type":"","background-media":"","overlay-type":"","overlay-color":"","overlay-opacity":"","overlay-gradient":""},"tablet":{"background-color":"var(--ast-global-color-5)","background-image":"","background-repeat":"repeat","background-position":"center center","background-size":"auto","background-attachment":"scroll","background-type":"","background-media":"","overlay-type":"","overlay-color":"","overlay-opacity":"","overlay-gradient":""},"mobile":{"background-color":"var(--ast-global-color-5)","background-image":"","background-repeat":"repeat","background-position":"center center","background-size":"auto","background-attachment":"scroll","background-type":"","background-media":"","overlay-type":"","overlay-color":"","overlay-opacity":"","overlay-gradient":""}}},"product_brand":[],"product_cat":[23],"product_tag":[25,75],"class_list":{"0":"post-1386","1":"product","2":"type-product","3":"status-publish","4":"has-post-thumbnail","6":"product_cat-seminari","7":"product_tag-angeli","8":"product_tag-crescita-personale","9":"desktop-align-left","10":"tablet-align-left","11":"mobile-align-left","13":"first","14":"instock","15":"featured","16":"virtual","17":"taxable","18":"purchasable","19":"product-type-simple"},"uagb_featured_image_src":{"full":["https:\/\/www.soniabassi.it\/wp-content\/uploads\/2025\/09\/seminario-Incontra-il-tuo-angelo-2-sonia-bassi-fluessenza.jpg",1080,1080,false],"thumbnail":["https:\/\/www.soniabassi.it\/wp-content\/uploads\/2025\/09\/seminario-Incontra-il-tuo-angelo-2-sonia-bassi-fluessenza-150x150.jpg",150,150,true],"medium":["https:\/\/www.soniabassi.it\/wp-content\/uploads\/2025\/09\/seminario-Incontra-il-tuo-angelo-2-sonia-bassi-fluessenza-300x300.jpg",300,300,true],"medium_large":["https:\/\/www.soniabassi.it\/wp-content\/uploads\/2025\/09\/seminario-Incontra-il-tuo-angelo-2-sonia-bassi-fluessenza-768x768.jpg",768,768,true],"large":["https:\/\/www.soniabassi.it\/wp-content\/uploads\/2025\/09\/seminario-Incontra-il-tuo-angelo-2-sonia-bassi-fluessenza-1024x1024.jpg",1024,1024,true],"1536x1536":["https:\/\/www.soniabassi.it\/wp-content\/uploads\/2025\/09\/seminario-Incontra-il-tuo-angelo-2-sonia-bassi-fluessenza.jpg",1080,1080,false],"2048x2048":["https:\/\/www.soniabassi.it\/wp-content\/uploads\/2025\/09\/seminario-Incontra-il-tuo-angelo-2-sonia-bassi-fluessenza.jpg",1080,1080,false],"woocommerce_thumbnail":["https:\/\/www.soniabassi.it\/wp-content\/uploads\/2025\/09\/seminario-Incontra-il-tuo-angelo-2-sonia-bassi-fluessenza-300x300.jpg",300,300,true],"woocommerce_single":["https:\/\/www.soniabassi.it\/wp-content\/uploads\/2025\/09\/seminario-Incontra-il-tuo-angelo-2-sonia-bassi-fluessenza-600x600.jpg",600,600,true],"woocommerce_gallery_thumbnail":["https:\/\/www.soniabassi.it\/wp-content\/uploads\/2025\/09\/seminario-Incontra-il-tuo-angelo-2-sonia-bassi-fluessenza-100x100.jpg",100,100,true]},"uagb_author_info":{"display_name":"SoniaBassi","author_link":"https:\/\/www.soniabassi.it\/?author=0"},"uagb_comment_info":0,"uagb_excerpt":"Riscopri il dialogo con il mondo sottile e lasciati guidare dalla tua voce interiore &gt;&gt;&gt; domenica 17 maggio 2026 &gt;&gt;&gt; presso Ex Convento dell'Osservanza, via Masironi n\u00b0 3 - Brisighella (RAVENNA)","_links":{"self":[{"href":"https:\/\/www.soniabassi.it\/index.php?rest_route=\/wp\/v2\/product\/1386","targetHints":{"allow":["GET"]}}],"collection":[{"href":"https:\/\/www.soniabassi.it\/index.php?rest_route=\/wp\/v2\/product"}],"about":[{"href":"https:\/\/www.soniabassi.it\/index.php?rest_route=\/wp\/v2\/types\/product"}],"wp:featuredmedia":[{"embeddable":true,"href":"https:\/\/www.soniabassi.it\/index.php?rest_route=\/wp\/v2\/media\/6292"}],"wp:attachment":[{"href":"https:\/\/www.soniabassi.it\/index.php?rest_route=%2Fwp%2Fv2%2Fmedia&parent=1386"}],"wp:term":[{"taxonomy":"product_brand","embeddable":true,"href":"https:\/\/www.soniabassi.it\/index.php?rest_route=%2Fwp%2Fv2%2Fproduct_brand&post=1386"},{"taxonomy":"product_cat","embeddable":true,"href":"https:\/\/www.soniabassi.it\/index.php?rest_route=%2Fwp%2Fv2%2Fproduct_cat&post=1386"},{"taxonomy":"product_tag","embeddable":true,"href":"https:\/\/www.soniabassi.it\/index.php?rest_route=%2Fwp%2Fv2%2Fproduct_tag&post=1386"}],"curies":[{"name":"wp","href":"https:\/\/api.w.org\/{rel}","templated":true}]}}