{"id":4049,"date":"2025-01-21T12:07:02","date_gmt":"2025-01-21T11:07:02","guid":{"rendered":"http:\/\/localhost:8888\/soniabassi\/?page_id=4049"},"modified":"2025-02-21T16:37:16","modified_gmt":"2025-02-21T15:37:16","slug":"termini-e-condizioni","status":"publish","type":"page","link":"https:\/\/www.soniabassi.it\/?page_id=4049","title":{"rendered":"Termini e Condizioni"},"content":{"rendered":"\n<p class=\"has-medium-font-size\"><strong>TERMINI e CONDIZIONI GENERALI<\/strong><\/p>\n\n\n\n<p class=\"has-small-font-size\" style=\"line-height:1.2\">I presenti Termini e le presenti Condizioni si applicano all\u2019acquisto a distanza tramite web dei Servizi offerti sul sito <a href=\"https:\/\/www.soniabassi.it\">https:\/\/www.soniabassi.it<\/a>\/.<\/p>\n\n\n\n<p class=\"has-small-font-size\" style=\"line-height:1.2\">Si applicheranno all\u2019acquisto effettuato i Termini e le Condizioni pubblicate sul Sito al momento dell&#8217;invio della richiesta da parte del Cliente.<\/p>\n\n\n\n<p class=\"has-small-font-size\" style=\"line-height:1.2\">Il Cliente \u00e8 tenuto, prima di effettuare l\u2019acquisto, a leggere ed accettare i presenti Termini e le presenti Condizioni. L\u2019effettuazione dell\u2019acquisto dei Servizi implica l&#8217;integrale conoscenza ed espressa accettazione dei presenti Termini e Condizioni.<\/p>\n\n\n\n<ol class=\"wp-block-list has-medium-font-size\">\n<li class=\"has-small-font-size\" style=\"line-height:1.2\"><strong>SOGGETTI<\/strong><br><br><strong>1.1 <\/strong>La prestazione dei Servizi acquistati verr\u00e0 resa da Sonia BASSI, C.F. BSSSNO65A51H199P, \u00a0PARTITA IVA:: 02791750397, mail <a href=\"mailto:fluessenza.sonia@gmail.com\">fluessenza.sonia@gmail.com<\/a>, Professionista disciplinata ai sensi della legge n\u00b0 4\/2013, iscritta nel registro professionale degli Operatori Olistici di ASPIN, codice n\u00b0 RA-1470, con sede legale in Italia, Via Don Anacleto Milandri n. 39 \u2013 48125 San Pietro in Trento (RA).<br><br><strong>1.2<\/strong> L\u2019Acquirente del Servizio \u00e8 il soggetto, persona fisica o giuridica, da cui proviene l\u2019acquisto e coincidente con i dati inseriti al momento dell\u2019acquisto stesso. Nel caso in cui si tratti di persona fisica e sia compilato il solo campo del CODICE FISCALE, il Cliente sar\u00e0 inteso e dovr\u00e0 intendersi quale <strong>\u2018Consumatore\u2019<\/strong>, ai sensi e per gli effetti del Codice del Consumo (D.Lgs. 206\/2005). Nel caso in cui si tratti invece di persona giuridica, oppure di persona fisica che oltre al C.F. abbia inserito nell\u2019Ordine anche la P.IVA, il Cliente sar\u00e0 inteso e dovr\u00e0 intendersi quale <strong>soggetto che agisce per scopi relativi ad attivit\u00e0 economica, imprenditoriale, commerciale, artigianale o professionale<\/strong>, sicch\u00e9 le presenti Condizioni non saranno in alcun modo integrabili con le disposizioni di legge del Codice del Consumo, n\u00e9 interpretabili alla luce di esso.<br><br><strong>1.3<\/strong> I presenti Termini e le presenti Condizioni disciplinano i Servizi proposti su <a href=\"https:\/\/www.soniabassi.it\">https:\/\/www.soniabassi.it<\/a> (di seguito il <strong>\u201cSito\u201d<\/strong>) e non disciplinano in alcun modo la vendita di prodotti o di servizi da parte di soggetti diversi del Professionista che siano eventualmente presenti sul Sito tramite link, banner o altri collegamenti ipertestuali. Il Professionista non \u00e8 responsabile della fornitura di beni e servizi da parte di terzi.<br><br><strong>1.4<\/strong> Fermo quanto sopra previsto al p.to 1.2, il Cliente sar\u00e0 identificato attraverso i dati dallo stesso inseriti al momento dell\u2019Acquisto. \u00c8 fatto divieto di fornire dati falsi e\/o inventati. Il Professionista \u00e8 esonerato da ogni responsabilit\u00e0 al riguardo.<br><br><strong>1.5<\/strong> <strong>I Servizi della Professionista presenti sul Sito si rivolgono solo a Clienti maggiorenni.<\/strong> Realizzando un acquisto attraverso il Sito, il Cliente garantisce di avere pi\u00f9 di 18 anni e di possedere in ogni caso la capacit\u00e0 giuridica di stipulare contratti.<br><br><\/li>\n\n\n\n<li class=\"has-small-font-size\" style=\"line-height:1.2\"><strong>MODALITA\u2019 DI PERFEZIONAMENTO DEL CONTRATTO<br><br>2.1<\/strong> Prima di disporre l\u2019Acquisto, sar\u00e0 chiesto al Cliente di confermare l&#8217;avvenuta lettura ed accettazione dei presenti Termini e delle presenti Condizioni, incluse le clausole che determinano eventualmente a carico del Cliente stesso condizioni di sfavore, per quanto non \u2018vessatorie\u2019 ai sensi della legge.<br><br><strong>2.2<\/strong> Il Professionista si riserva la facolt\u00e0 di richiedere via e-mail o via telefono ulteriori informazioni relative al Cliente. L\u2019Acquisto si riterr\u00e0 comunque perfezionato al momento del pagamento effettuato dal Cliente tramite il Sito.<br><br><\/li>\n\n\n\n<li class=\"has-small-font-size\" style=\"line-height:1.2\"><strong>TIPOLOGIA DEI SERVIZI e INFORMATIVA AL CLIENTE<br><br>3.1.<\/strong> <strong>Il Cliente comprende e accetta espressamente che:<\/strong><br><br><strong>a.<\/strong> le sessioni, i seminari, i workshop e i percorsi offerti dalla Professionista attengono all\u2019attivit\u00e0 olistica e si configurano come un rapporto fondato esclusivamente sulla relazione interpersonale, sull\u2019ascolto e sulla comunicazione empatica e spirituale; essi <strong>non hanno alcuna finalit\u00e0 di cura terapeutica o di diagnosi medica e\/o psicologica, che sono riservate alle figure professionali ordinistiche;<\/strong><br><br><strong>b.<\/strong> in particolare, il Cliente comprende e accetta che la partecipazione alle sessioni, ai seminari, ai workshop ed ai percorsi svolti dalla Professionista <strong>non costituiscono e non sostituiscono alcun trattamento terapeutico<\/strong> (medico o psicologico); comprende e accetta inoltre che la Professionista Sonia Bassi non \u00e8 n\u00e9 medico n\u00e9 psicoterapeuta n\u00e9 psicologa e, pertanto, non emette diagnosi n\u00e9 prescrive e\/o effettua terapie.<br><br><strong>3.2<\/strong> Ciascuna Parte si impegna a rispettare, sotto la propria ed esclusiva responsabilit\u00e0, la privacy dell\u2019altra Parte e quella degli altri eventuali partecipanti ai Servizi e, per l\u2019intera durata delle sessioni, dei seminari, dei workshop e dei percorsi, si impegnano a comportarsi in modo corretto e auto-responsabile.<br><br><strong>3.3<\/strong> Il Cliente accetta espressamente che la prestazione dei Servizi acquistati si svolger\u00e0 in presenza, oppure <strong>\u201conline\u201d<\/strong>, a seconda di quanto <strong>indicato sul Sito al momento dell\u2019acquisto<\/strong>. Nel caso di <strong>sessioni, seminari, workshop e percorsi<\/strong> in presenza, il Cliente comprende ed accetta espressamente che tali Servizi saranno svolti nel luogo indicato sul Sito al momento dell\u2019acquisto. Nel caso di sessioni, seminari, workshop e percorsi segmentati in pi\u00f9 giorni, gli stessi si svolgeranno <strong>nelle date e negli orari indicati sul Sito al momento dell\u2019acquisto.<\/strong> Nel caso di spostamento di un Servizio in presenza in altro luogo, oppure di differimento temporale di un Servizio in presenza o \u201con line\u201d in altra data, come da comunicazione inviata in tali casi dalla Professionista al Cliente successivamente all\u2019acquisto, quest\u2019ultimo rinuncia espressamente ad ogni pretesa nei confronti della Professionista, diversa dal mero integrale rimborso del prezzo pagato, ai sensi di quanto stabilito nel successivo Par. 5 <br><br><strong>3.4<\/strong> Il Cliente accetta espressamente che la prestazione di alcuni Servizi da parte della Professionista sia subordinata al <strong>raggiungimento di un certo numero minimo di partecipanti<\/strong>, specificamente <strong>indicato sul Sito al momento dell\u2019acquisto<\/strong>. Nel caso di mancato raggiungimento di tale numero, quale comunicato dalla Professionista al Cliente, quest\u2019ultimo rinuncia espressamente ad ogni pretesa nei confronti della Professionista, diversa dal mero integrale rimborso del prezzo pagato, ai sensi di quanto stabilito nel successivo Par. 5.<\/li>\n<\/ol>\n\n\n\n<ol start=\"4\" class=\"wp-block-list\">\n<li class=\"has-small-font-size\" style=\"line-height:1.2\"><strong>PREZZO e MODALIT\u00c0 DI PAGAMENTO<br><br>4.1<\/strong> Il prezzo delle sessioni, dei seminari, dei workshop e dei percorsi, che pu\u00f2 essere stabilito sul Sito anche \u2018a pacchetto\u2019, pu\u00f2 essere effettuato soltanto con le modalit\u00e0 presenti sul Sito. Non sono previste forme di pagamento diverse da quelle indicate sul Sito.<br><br><strong>4.2<\/strong> Il Cliente accetta espressamente che il costo delle sessioni, dei seminari, dei workshop e dei percorsi, nonch\u00e9 dei relativi \u2018pacchetti\u2019, sia quello indicato sul Sito. Il Cliente accetta e comprende espressamente che possano essere previsti anche \u2018acconti\u2019 e \u2018saldi\u2019, quali stabiliti sul Sito e con le modalit\u00e0 di pagamento ivi indicate. Il Sito potr\u00e0 anche prevedere \u2018sconti\u2019 e \u2018formule\u2019, valevoli unicamente nelle situazioni e condizioni precisate in quel momento sul Sito stesso.<br><br><strong>4.3<\/strong> L\u2019eventuale indicazione di \u2018acconti\u2019 e \u2018saldi\u2019, nonch\u00e9 di modalit\u00e0 \u201crateali\u201d di pagamento di un Servizio o di un \u201cpacchetto\u201d, non comporter\u00e0 in alcun caso il perfezionamento di un acquisto parziale e\/o graduale del Servizio stesso, che dovr\u00e0 infatti intendersi sempre acquistato nella sua integralit\u00e0.<br><br><\/li>\n\n\n\n<li class=\"has-small-font-size\" style=\"line-height:1.2\"><strong>SPOSTAMENTI E DIFFERIMENTI DEI SERVIZI &#8211; MANCATO RAGGIUNGIMENTO DEL NUMERO DI PARTECIPANTI &#8211; RECESSO DELLE PARTI<\/strong><br><br><strong>5.1<\/strong> Nel caso di <strong>spostamento del luogo<\/strong> di un Servizio in presenza, diverso da quello indicato sul Sito al momento dell\u2019acquisto, il Cliente potr\u00e0 ottenere l\u2019integrale restituzione del prezzo pagato entro 7 (sette) giorni dalla comunicazione del differimento da parte della Professionista, oppure concordare con la stessa di usufruire del Servizio nel nuovo luogo, tenendo fermo il pagamento gi\u00e0 effettuato.<br><br><strong>5.2<\/strong> Nel caso di <strong>differimento<\/strong> di un Servizio in data\/e diversa\/e da quella\/e indicate sul Sito al momento dell\u2019acquisto, il Cliente potr\u00e0 ottenere l\u2019integrale restituzione del prezzo pagato entro 7 (sette) giorni dalla comunicazione del differimento da parte della Professionista, oppure concordare con la stessa di usufruire del Servizio nella\/e nuova\/e data\/e, tenendo fermo il pagamento gi\u00e0 effettuato.<br><br><strong>5.3<\/strong> Nel caso di <strong>mancato raggiungimento del numero minimo di partecipanti al Servizio acquistato dal Cliente, indicato sul Sito,<\/strong> il Cliente potr\u00e0 ottenere l\u2019integrale restituzione del prezzo pagato entro 7 (sette) giorni dalla comunicazione da parte della Professionista, oppure concordare con la stessa di usufruire del Servizio in una nuova data, tenendo fermo il pagamento gi\u00e0 effettuato. Nel denegato caso in cui si verifichi nuovamente il mancato raggiungimento del numero minimo di partecipanti anche per la nuova data, si applicheranno nuovamente le previsioni del presente articolo.<br><br><strong>5.4<\/strong> Il Cliente potr\u00e0 recedere dal presente contratto in ogni momento, mediante comunicazione alla mail <a href=\"mailto:fluessenza.sonia@gmail.com\">fluessenza.sonia@gmail.com<\/a> della Professionista o in forma scritta. In tale caso, il Cliente <strong>non avr\u00e0 diritto alla restituzione del prezzo della\/e sessione\/i, del seminario, del workshop, del percorso, e dei relativi \u201cpacchetti\u201d non usufruiti<\/strong>, in quanto tale prezzo, oppure la quota-parte del prezzo della\/e sessione\/i, del seminario, del workshop, del percorso, e dei relativi \u201cpacchetti\u201d non ancora usufruiti, dovranno intendersi quale <strong>corrispettivo del recesso dal contratto ai sensi e per gli effetti dell\u2019art. 1373, terzo comma, c.c..<\/strong><br><br><strong>5.5<\/strong> Non sar\u00e0 in ogni caso accettata alcuna forma di \u2018recesso implicito\u2019 da parte del Cliente, sicch\u00e9 le <strong>eventuali assenze dello stesso ad uno o pi\u00f9 sessione e\/o seminario e\/o workshop e\/o percorso, anche all\u2019interno di \u2018percorsi\u2019 e\/o \u2018pacchetti\u2019, non daranno in alcun caso diritto ad alcuna restituzione economica a favore del Cliente.<\/strong><br><br><strong>5.6<\/strong> Indipendentemente da quanto previsto all\u2019Art. 5.4., qualora al presente contratto sia applicabile la Tutela del Consumatore di cui all\u2019art. 52 Codice del Consumo (D.Lgs. 206\/2005 ss.mm.), il Cliente viene reso consapevole, in quanto all\u2019uopo espressamente informato dalla Professionista, che in qualit\u00e0 di Cliente\u2013Consumatore lo stesso avr\u00e0 libera facolt\u00e0 di esercitare il diritto di recesso, senza indicarne le ragioni, <strong>entro 14 (quattordici) giorni<\/strong> dal giorno della conclusione del presente Contratto; in tal caso, qualora abbia gi\u00e0 corrisposto somme, il Cliente avr\u00e0 diritto al relativo integrale rimborso entro 7 (sette) giorni dalla propria comunicazione del recesso, da inviarsi alla mail <a href=\"mailto:fluessenza.sonia@gmail.com\">fluessenza.sonia@gmail.com<\/a> o per iscritto. <strong>Ci\u00f2 a meno che il Cliente abbia gi\u00e0 usufruito in parte del\/i Servizio\/i acquistati, poich\u00e9, in tal caso, al recesso si applicher\u00e0 il precedente Art. 5.4.<\/strong><br><br><strong>5.7<\/strong> La Professionista potr\u00e0 recedere dal presente contratto in ogni momento, nella forma dell\u2019<strong>annullamento<\/strong> del\/i Servizio\/i acquistati dal Cliente, per ragioni professionali e\/o personali, da comunicarsi al Cliente a mezzo mail o in forma scritta. In tal caso, il Cliente avr\u00e0 diritto di ottenere l\u2019integrale restituzione del prezzo pagato entro 7 (sette) giorni dalla comunicazione da parte della Professionista, qualora il\/i Servizio\/i annullati non siano stati ancora integralmente fruiti dal Cliente, oppure di ottenere la restituzione della quota-parte del\/i Servizio\/i annullati non ancora fruiti dal Cliente, oppure di concordare con la stessa di usufruire del\/i Servizio\/i in una nuova data, tenendo fermo il pagamento gi\u00e0 effettuato.<\/li>\n<\/ol>\n\n\n\n<p class=\"has-small-font-size\" style=\"line-height:1.2\"><strong>PRIVACY<\/strong><br>La invitiamo ad accedere alla Privacy Policy pubblicata sul Sito per ottenere tutte le informazioni su come trattiamo i Suoi dati personali.<\/p>\n\n\n\n<p class=\"has-small-font-size\" style=\"line-height:1.2\"><strong>CONTATTI e COMUNICAZIONI<\/strong><br>Per qualsiasi richiesta di informazione, contattare i seguenti recapiti: +39 339 2365375 \/ mail <a href=\"mailto:fluessenza.sonia@gmail.com\">fluessenza.sonia@gmail.com<\/a><\/p>\n","protected":false},"excerpt":{"rendered":"<p>TERMINI e CONDIZIONI GENERALI I presenti Termini e le presenti Condizioni si applicano all\u2019acquisto a distanza tramite web dei Servizi offerti sul sito https:\/\/www.soniabassi.it\/. Si applicheranno all\u2019acquisto effettuato i Termini e le Condizioni pubblicate sul Sito al momento dell&#8217;invio della richiesta da parte del Cliente. Il Cliente \u00e8 tenuto, prima di effettuare l\u2019acquisto, a leggere [&hellip;]<\/p>\n","protected":false},"author":1,"featured_media":0,"parent":0,"menu_order":0,"comment_status":"closed","ping_status":"closed","template":"","meta":{"_uag_custom_page_level_css":"","site-sidebar-layout":"default","site-content-layout":"","ast-site-content-layout":"narrow-width-container","site-content-style":"unboxed","site-sidebar-style":"default","ast-global-header-display":"","ast-banner-title-visibility":"disabled","ast-main-header-display":"","ast-hfb-above-header-display":"","ast-hfb-below-header-display":"","ast-hfb-mobile-header-display":"","site-post-title":"disabled","ast-breadcrumbs-content":"","ast-featured-img":"","footer-sml-layout":"","ast-disable-related-posts":"","theme-transparent-header-meta":"","adv-header-id-meta":"","stick-header-meta":"","header-above-stick-meta":"","header-main-stick-meta":"","header-below-stick-meta":"","astra-migrate-meta-layouts":"set","ast-page-background-enabled":"default","ast-page-background-meta":{"desktop":{"background-color":"","background-image":"","background-repeat":"repeat","background-position":"center center","background-size":"auto","background-attachment":"scroll","background-type":"","background-media":"","overlay-type":"","overlay-color":"","overlay-opacity":"","overlay-gradient":""},"tablet":{"background-color":"","background-image":"","background-repeat":"repeat","background-position":"center center","background-size":"auto","background-attachment":"scroll","background-type":"","background-media":"","overlay-type":"","overlay-color":"","overlay-opacity":"","overlay-gradient":""},"mobile":{"background-color":"","background-image":"","background-repeat":"repeat","background-position":"center center","background-size":"auto","background-attachment":"scroll","background-type":"","background-media":"","overlay-type":"","overlay-color":"","overlay-opacity":"","overlay-gradient":""}},"ast-content-background-meta":{"desktop":{"background-color":"var(--ast-global-color-5)","background-image":"","background-repeat":"repeat","background-position":"center center","background-size":"auto","background-attachment":"scroll","background-type":"","background-media":"","overlay-type":"","overlay-color":"","overlay-opacity":"","overlay-gradient":""},"tablet":{"background-color":"var(--ast-global-color-5)","background-image":"","background-repeat":"repeat","background-position":"center center","background-size":"auto","background-attachment":"scroll","background-type":"","background-media":"","overlay-type":"","overlay-color":"","overlay-opacity":"","overlay-gradient":""},"mobile":{"background-color":"var(--ast-global-color-5)","background-image":"","background-repeat":"repeat","background-position":"center center","background-size":"auto","background-attachment":"scroll","background-type":"","background-media":"","overlay-type":"","overlay-color":"","overlay-opacity":"","overlay-gradient":""}},"footnotes":""},"class_list":["post-4049","page","type-page","status-publish","hentry"],"uagb_featured_image_src":{"full":false,"thumbnail":false,"medium":false,"medium_large":false,"large":false,"1536x1536":false,"2048x2048":false,"woocommerce_thumbnail":false,"woocommerce_single":false,"woocommerce_gallery_thumbnail":false},"uagb_author_info":{"display_name":"SoniaBassi","author_link":"https:\/\/www.soniabassi.it\/?author=1"},"uagb_comment_info":0,"uagb_excerpt":"TERMINI e CONDIZIONI GENERALI I presenti Termini e le presenti Condizioni si applicano all\u2019acquisto a distanza tramite web dei Servizi offerti sul sito https:\/\/www.soniabassi.it\/. Si applicheranno all\u2019acquisto effettuato i Termini e le Condizioni pubblicate sul Sito al momento dell&#8217;invio della richiesta da parte del Cliente. Il Cliente \u00e8 tenuto, prima di effettuare l\u2019acquisto, a leggere&hellip;","_links":{"self":[{"href":"https:\/\/www.soniabassi.it\/index.php?rest_route=\/wp\/v2\/pages\/4049","targetHints":{"allow":["GET"]}}],"collection":[{"href":"https:\/\/www.soniabassi.it\/index.php?rest_route=\/wp\/v2\/pages"}],"about":[{"href":"https:\/\/www.soniabassi.it\/index.php?rest_route=\/wp\/v2\/types\/page"}],"author":[{"embeddable":true,"href":"https:\/\/www.soniabassi.it\/index.php?rest_route=\/wp\/v2\/users\/1"}],"replies":[{"embeddable":true,"href":"https:\/\/www.soniabassi.it\/index.php?rest_route=%2Fwp%2Fv2%2Fcomments&post=4049"}],"version-history":[{"count":21,"href":"https:\/\/www.soniabassi.it\/index.php?rest_route=\/wp\/v2\/pages\/4049\/revisions"}],"predecessor-version":[{"id":5612,"href":"https:\/\/www.soniabassi.it\/index.php?rest_route=\/wp\/v2\/pages\/4049\/revisions\/5612"}],"wp:attachment":[{"href":"https:\/\/www.soniabassi.it\/index.php?rest_route=%2Fwp%2Fv2%2Fmedia&parent=4049"}],"curies":[{"name":"wp","href":"https:\/\/api.w.org\/{rel}","templated":true}]}}